{"id":69,"date":"2018-10-22T10:48:57","date_gmt":"2018-10-22T08:48:57","guid":{"rendered":"http:\/\/flugschule.st\/wordpress\/?page_id=69"},"modified":"2018-12-14T16:56:56","modified_gmt":"2018-12-14T15:56:56","slug":"funkausbildung","status":"publish","type":"page","link":"https:\/\/flugschule.st\/wordpress\/funkausbildung\/","title":{"rendered":"Funkausbildung"},"content":{"rendered":"<p><img loading=\"lazy\" decoding=\"async\" class=\"alignnone size-medium wp-image-807\" src=\"http:\/\/flugschule.st\/wordpress\/wp-content\/uploads\/2018\/12\/funk-300x183.jpg\" alt=\"\" width=\"300\" height=\"183\" srcset=\"https:\/\/flugschule.st\/wordpress\/wp-content\/uploads\/2018\/12\/funk-300x183.jpg 300w, https:\/\/flugschule.st\/wordpress\/wp-content\/uploads\/2018\/12\/funk-768x469.jpg 768w, https:\/\/flugschule.st\/wordpress\/wp-content\/uploads\/2018\/12\/funk-1024x625.jpg 1024w, https:\/\/flugschule.st\/wordpress\/wp-content\/uploads\/2018\/12\/funk-442x270.jpg 442w, https:\/\/flugschule.st\/wordpress\/wp-content\/uploads\/2018\/12\/funk-850x519.jpg 850w\" sizes=\"(max-width: 300px) 100vw, 300px\" \/><\/p>\n<p>Wir bieten die Ausbildung f\u00fcr 3 Kategorien von Funkerzeugnissen an:<\/p>\n<p>BFZ &#8211; Binnenflugfunkzeugnis &#8211; in deutscher Sprache<\/p>\n<p>EFZ &#8211; Eingeschr\u00e4nktes Flugfunkzeugnis &#8211; in deutscher und englischer Sprache &#8211; f\u00fcr den Sichtflug<\/p>\n<p>AFZ &#8211; Allgemeines Flugfunkzeugnis &#8211; in deutscher und englischer Sprache &#8211; f\u00fcr Sicht- und Instrumentenflug<\/p>\n","protected":false},"excerpt":{"rendered":"<p>Wir bieten die Ausbildung f\u00fcr 3 Kategorien von Funkerzeugnissen an: BFZ &#8211; Binnenflugfunkzeugnis &#8211; in deutscher Sprache EFZ &#8211; Eingeschr\u00e4nktes Flugfunkzeugnis &#8211; in deutscher und englischer Sprache &#8211; f\u00fcr den Sichtflug AFZ &#8211; Allgemeines Flugfunkzeugnis &#8211; in deutscher und englischer Sprache &#8211; f\u00fcr Sicht- und Instrumentenflug<\/p>\n","protected":false},"author":1,"featured_media":0,"parent":0,"menu_order":0,"comment_status":"closed","ping_status":"closed","template":"","meta":{"footnotes":""},"_links":{"self":[{"href":"https:\/\/flugschule.st\/wordpress\/wp-json\/wp\/v2\/pages\/69"}],"collection":[{"href":"https:\/\/flugschule.st\/wordpress\/wp-json\/wp\/v2\/pages"}],"about":[{"href":"https:\/\/flugschule.st\/wordpress\/wp-json\/wp\/v2\/types\/page"}],"author":[{"embeddable":true,"href":"https:\/\/flugschule.st\/wordpress\/wp-json\/wp\/v2\/users\/1"}],"replies":[{"embeddable":true,"href":"https:\/\/flugschule.st\/wordpress\/wp-json\/wp\/v2\/comments?post=69"}],"version-history":[{"count":4,"href":"https:\/\/flugschule.st\/wordpress\/wp-json\/wp\/v2\/pages\/69\/revisions"}],"predecessor-version":[{"id":808,"href":"https:\/\/flugschule.st\/wordpress\/wp-json\/wp\/v2\/pages\/69\/revisions\/808"}],"wp:attachment":[{"href":"https:\/\/flugschule.st\/wordpress\/wp-json\/wp\/v2\/media?parent=69"}],"curies":[{"name":"wp","href":"https:\/\/api.w.org\/{rel}","templated":true}]}}