{"id":66,"date":"2018-10-22T10:48:57","date_gmt":"2018-10-22T08:48:57","guid":{"rendered":"http:\/\/flugschule.st\/wordpress\/?page_id=66"},"modified":"2018-12-14T17:03:43","modified_gmt":"2018-12-14T16:03:43","slug":"theorieausbildung","status":"publish","type":"page","link":"https:\/\/flugschule.st\/wordpress\/theorieausbildung\/","title":{"rendered":"Theorieausbildung"},"content":{"rendered":"<p><img loading=\"lazy\" decoding=\"async\" class=\"alignnone wp-image-810\" src=\"http:\/\/flugschule.st\/wordpress\/wp-content\/uploads\/2018\/12\/Schulungsraum-pano-cut-300x107.jpg\" alt=\"\" width=\"861\" height=\"307\" srcset=\"https:\/\/flugschule.st\/wordpress\/wp-content\/uploads\/2018\/12\/Schulungsraum-pano-cut-300x107.jpg 300w, https:\/\/flugschule.st\/wordpress\/wp-content\/uploads\/2018\/12\/Schulungsraum-pano-cut-768x274.jpg 768w, https:\/\/flugschule.st\/wordpress\/wp-content\/uploads\/2018\/12\/Schulungsraum-pano-cut-1024x365.jpg 1024w, https:\/\/flugschule.st\/wordpress\/wp-content\/uploads\/2018\/12\/Schulungsraum-pano-cut-604x215.jpg 604w, https:\/\/flugschule.st\/wordpress\/wp-content\/uploads\/2018\/12\/Schulungsraum-pano-cut-850x303.jpg 850w\" sizes=\"(max-width: 861px) 100vw, 861px\" \/><\/p>\n<p>Im Gegensatz zu vielen anderen Ausbildungsorganisationen bevorzugen wir in der Theorieausbildung das klassische &#8222;classroom teaching&#8220;.<br \/>\nEs ist nicht Jedermanns Sache, die teilweise recht komplexen Inhalte alleine am Computer zu lernen. Besonders bei nicht so computeraffinen Personen ist dies die bevorzugte Schulungsmethode.<br \/>\nDabei werden nicht nur alle Themen die f\u00fcr die Theoriepr\u00fcfung relevant sind gemeinsam erarbeitet, sondern auch der Grundstein f\u00fcr ein echtes Verstehen der Zusammenh\u00e4nge gelegt.<br \/>\nEs ist uns ein gro\u00dfes Anliegen, dass alle Inhalte nicht nur im Multiple-choice-Test richtig beantwortet werden k\u00f6nnen, sondern auch wirklich verstanden werden.<\/p>\n","protected":false},"excerpt":{"rendered":"<p>Im Gegensatz zu vielen anderen Ausbildungsorganisationen bevorzugen wir in der Theorieausbildung das klassische &#8222;classroom teaching&#8220;. Es ist nicht Jedermanns Sache, die teilweise recht komplexen Inhalte alleine am Computer zu lernen. Besonders bei nicht so computeraffinen Personen ist dies die bevorzugte Schulungsmethode. Dabei werden nicht nur alle Themen die f\u00fcr die Theoriepr\u00fcfung relevant sind gemeinsam&#8230;<\/p>\n<p class=\"read-more\"><a class=\"btn btn-default\" href=\"https:\/\/flugschule.st\/wordpress\/theorieausbildung\/\"> Read More<span class=\"screen-reader-text\">  Read More<\/span><\/a><\/p>\n","protected":false},"author":1,"featured_media":0,"parent":0,"menu_order":0,"comment_status":"closed","ping_status":"closed","template":"","meta":{"footnotes":""},"_links":{"self":[{"href":"https:\/\/flugschule.st\/wordpress\/wp-json\/wp\/v2\/pages\/66"}],"collection":[{"href":"https:\/\/flugschule.st\/wordpress\/wp-json\/wp\/v2\/pages"}],"about":[{"href":"https:\/\/flugschule.st\/wordpress\/wp-json\/wp\/v2\/types\/page"}],"author":[{"embeddable":true,"href":"https:\/\/flugschule.st\/wordpress\/wp-json\/wp\/v2\/users\/1"}],"replies":[{"embeddable":true,"href":"https:\/\/flugschule.st\/wordpress\/wp-json\/wp\/v2\/comments?post=66"}],"version-history":[{"count":6,"href":"https:\/\/flugschule.st\/wordpress\/wp-json\/wp\/v2\/pages\/66\/revisions"}],"predecessor-version":[{"id":812,"href":"https:\/\/flugschule.st\/wordpress\/wp-json\/wp\/v2\/pages\/66\/revisions\/812"}],"wp:attachment":[{"href":"https:\/\/flugschule.st\/wordpress\/wp-json\/wp\/v2\/media?parent=66"}],"curies":[{"name":"wp","href":"https:\/\/api.w.org\/{rel}","templated":true}]}}