{"id":65,"date":"2018-10-22T10:48:57","date_gmt":"2018-10-22T08:48:57","guid":{"rendered":"http:\/\/flugschule.st\/wordpress\/?page_id=65"},"modified":"2018-11-05T15:19:34","modified_gmt":"2018-11-05T14:19:34","slug":"nvfr-nachtsichtflug","status":"publish","type":"page","link":"https:\/\/flugschule.st\/wordpress\/nvfr-nachtsichtflug\/","title":{"rendered":"NVFR &#8211; Nachtsichtflug"},"content":{"rendered":"<div>Voraussetzungen<\/div>\n<div>Lizenz und Klassenberechtigung<\/div>\n<div>Die Nachtflugberechtigung f\u00fcr Motorflugzeuge bzw. TMG von Inhabern einer PPL(A) oder LAPL(A) oder Flugsch\u00fclern im laufenden Ausbildungskurs zum Erwerb einer dieser Lizenzen erworben werden<\/div>\n<div><\/div>\n<div>Die Klassenberechtigung f\u00fcr das in der Nachtflugausbildung verwendete Luftfahrzeug muss bereits vor Beginn der Nachtflugausbildung erworben worden sein, des Weiteren muss der Sch\u00fcler zur<\/div>\n<div>F\u00fchrung des Luftfahrzeuges berechtigt sein (dies umfasst auch die vorherige Absolvierung einer eventuell erforderlichen Unterschiedsschulung oder ein Vertrautmachen)<\/div>\n<div><\/div>\n<div>Flugerfahrung zum Beginn der Nachtflugausbildung:<\/div>\n<div>Die Nachtflugausbildung kann sofort nach Abschluss der PPL Ausbildung begonnen werden<\/div>\n<div><\/div>\n<div>Sofern ein LAPL(A) Lizenzinhaber die Nachtflugausbildung anstrebt ist vor Beginn der Nachtfl\u00fcge die Flug\u00fcbung 19 aus dem PPL(A) Flug\u00fcbungsprogramm (Grundlagen des Instrumentenfluges)<\/div>\n<div>im Ausma\u00df von mindestens 2 Stunden nachzuholen.<\/div>\n<div><\/div>\n<div>Dies kann auch auf einem synthetischen Flug\u00fcbungsger\u00e4t stattfinden.<\/div>\n<div>Alternativ dazu kann die Nachtflugausbildung auch von Flugsch\u00fclern, welche sich innerhalb der PPL(A) oder LAPL(A) Ausbildung befinden, erworben werden. In diesem Falle verl\u00e4ngert sich die<\/div>\n<div>jeweilige Ausbildung um die Inhalte und Anforderungen, welche sich aus dem Ausbildungsprogramm ergeben.<\/div>\n<div><\/div>\n","protected":false},"excerpt":{"rendered":"<p>Voraussetzungen Lizenz und Klassenberechtigung Die Nachtflugberechtigung f\u00fcr Motorflugzeuge bzw. TMG von Inhabern einer PPL(A) oder LAPL(A) oder Flugsch\u00fclern im laufenden Ausbildungskurs zum Erwerb einer dieser Lizenzen erworben werden Die Klassenberechtigung f\u00fcr das in der Nachtflugausbildung verwendete Luftfahrzeug muss bereits vor Beginn der Nachtflugausbildung erworben worden sein, des Weiteren muss der Sch\u00fcler zur F\u00fchrung des&#8230;<\/p>\n<p class=\"read-more\"><a class=\"btn btn-default\" href=\"https:\/\/flugschule.st\/wordpress\/nvfr-nachtsichtflug\/\"> Read More<span class=\"screen-reader-text\">  Read More<\/span><\/a><\/p>\n","protected":false},"author":1,"featured_media":0,"parent":0,"menu_order":0,"comment_status":"closed","ping_status":"closed","template":"","meta":{"footnotes":""},"_links":{"self":[{"href":"https:\/\/flugschule.st\/wordpress\/wp-json\/wp\/v2\/pages\/65"}],"collection":[{"href":"https:\/\/flugschule.st\/wordpress\/wp-json\/wp\/v2\/pages"}],"about":[{"href":"https:\/\/flugschule.st\/wordpress\/wp-json\/wp\/v2\/types\/page"}],"author":[{"embeddable":true,"href":"https:\/\/flugschule.st\/wordpress\/wp-json\/wp\/v2\/users\/1"}],"replies":[{"embeddable":true,"href":"https:\/\/flugschule.st\/wordpress\/wp-json\/wp\/v2\/comments?post=65"}],"version-history":[{"count":3,"href":"https:\/\/flugschule.st\/wordpress\/wp-json\/wp\/v2\/pages\/65\/revisions"}],"predecessor-version":[{"id":620,"href":"https:\/\/flugschule.st\/wordpress\/wp-json\/wp\/v2\/pages\/65\/revisions\/620"}],"wp:attachment":[{"href":"https:\/\/flugschule.st\/wordpress\/wp-json\/wp\/v2\/media?parent=65"}],"curies":[{"name":"wp","href":"https:\/\/api.w.org\/{rel}","templated":true}]}}