{"id":62,"date":"2018-10-22T10:48:57","date_gmt":"2018-10-22T08:48:57","guid":{"rendered":"http:\/\/flugschule.st\/wordpress\/?page_id=62"},"modified":"2018-10-24T14:10:33","modified_gmt":"2018-10-24T12:10:33","slug":"lapla","status":"publish","type":"page","link":"https:\/\/flugschule.st\/wordpress\/lapla\/","title":{"rendered":"LAPL(A)"},"content":{"rendered":"<p>Die &#8222;light aircraft pilote licence&#8220; (A=aeroplane, H=helicopter)<br \/>\nEine innerhalb Europas g\u00fcltige Lizenz, die dir erm\u00f6glicht nicht-gewerbliche Fl\u00fcge auf einmotorigen, kolbengetriebenen (keine Turbinen) Landflugzeugen zu fliegen.<br \/>\nDiese d\u00fcrfen nicht mehr als 2000Kg maximales Abfluggewicht haben und es d\u00fcrfen sich nicht mehr als 4 Personen an Bord befinden.<\/p>\n<p>&nbsp;<\/p>\n<p>F\u00fcr die Ausstellung einer LAPL musst du neben der Theorieausbildung <em>mindestens<\/em>(!)30 Stunden Flugunterricht absolvieren.<\/p>\n<p>darin m\u00fcssen enthalten sein&#8230;<\/p>\n<p>&nbsp;<\/p>\n<p>15 Stunden Flugunterricht mit Fluglehrer in der Klasse, in der die praktische Pr\u00fcfung abgenommen wird &#8211; SEP(single engine piston) oder TMG(touring motorglider);<\/p>\n<div>\n<div>6 Stunden \u00fcberwachter Alleinflug<\/div>\n<div>davon mindestens 3 Stunden Allein-\u00dcberlandflug<\/div>\n<div>darin enthalten mindestens 1 \u00dcberlandflug von mindestens 150km (80NM), mit einer 1 vollst\u00e4ndig abgeschlossenen Landung auf einem anderen Flugplatz (z.B. Graz-Klagenfurt-Graz)<\/div>\n<\/div>\n","protected":false},"excerpt":{"rendered":"<p>Die &#8222;light aircraft pilote licence&#8220; (A=aeroplane, H=helicopter) Eine innerhalb Europas g\u00fcltige Lizenz, die dir erm\u00f6glicht nicht-gewerbliche Fl\u00fcge auf einmotorigen, kolbengetriebenen (keine Turbinen) Landflugzeugen zu fliegen. Diese d\u00fcrfen nicht mehr als 2000Kg maximales Abfluggewicht haben und es d\u00fcrfen sich nicht mehr als 4 Personen an Bord befinden. &nbsp; F\u00fcr die Ausstellung einer LAPL musst du&#8230;<\/p>\n<p class=\"read-more\"><a class=\"btn btn-default\" href=\"https:\/\/flugschule.st\/wordpress\/lapla\/\"> Read More<span class=\"screen-reader-text\">  Read More<\/span><\/a><\/p>\n","protected":false},"author":1,"featured_media":0,"parent":0,"menu_order":0,"comment_status":"closed","ping_status":"closed","template":"","meta":{"footnotes":""},"_links":{"self":[{"href":"https:\/\/flugschule.st\/wordpress\/wp-json\/wp\/v2\/pages\/62"}],"collection":[{"href":"https:\/\/flugschule.st\/wordpress\/wp-json\/wp\/v2\/pages"}],"about":[{"href":"https:\/\/flugschule.st\/wordpress\/wp-json\/wp\/v2\/types\/page"}],"author":[{"embeddable":true,"href":"https:\/\/flugschule.st\/wordpress\/wp-json\/wp\/v2\/users\/1"}],"replies":[{"embeddable":true,"href":"https:\/\/flugschule.st\/wordpress\/wp-json\/wp\/v2\/comments?post=62"}],"version-history":[{"count":6,"href":"https:\/\/flugschule.st\/wordpress\/wp-json\/wp\/v2\/pages\/62\/revisions"}],"predecessor-version":[{"id":264,"href":"https:\/\/flugschule.st\/wordpress\/wp-json\/wp\/v2\/pages\/62\/revisions\/264"}],"wp:attachment":[{"href":"https:\/\/flugschule.st\/wordpress\/wp-json\/wp\/v2\/media?parent=62"}],"curies":[{"name":"wp","href":"https:\/\/api.w.org\/{rel}","templated":true}]}}