{"id":1345,"date":"2019-12-29T11:20:42","date_gmt":"2019-12-29T10:20:42","guid":{"rendered":"https:\/\/flugschule.st\/wordpress\/?page_id=1345"},"modified":"2026-05-01T10:17:40","modified_gmt":"2026-05-01T08:17:40","slug":"aktuelle-kurse","status":"publish","type":"page","link":"https:\/\/flugschule.st\/wordpress\/aktuelle-kurse\/","title":{"rendered":"Aktuelle Kurse"},"content":{"rendered":"<h4><strong>KURSPROGRAMM 2024\/2025<br \/><\/strong><\/h4>\n<p>&#8222;SR Schmidt&#8220;, <span class=\"LrzXr\">Niedersch\u00f6cklstra\u00dfe 23a, 8044 Niedersch\u00f6ckl<br \/>&#8222;SR Altes Fassl&#8220;, Fasslstra\u00dfe 24, 8044 Weinitzen<\/span><br \/>&#8222;SR mysky&#8220;, Neusitzstra\u00dfe 156, 8044 Weinitzen<br \/>&#8222;VCR&#8220; (Video-Classroom) &#8211; Theorieunterricht \u00fcber Zoom-Meeting<\/p>\n<p>Unser aktueller Theorielehrgang zur SPL \/ LAPL \/ PPL und UL, 2025\/2026 l\u00e4uft bereits seit November und ist bereits im Finale<\/p>\n<p>Unser Funkkurs hat am 18 &amp; 20.3.2026 mit dem Theorieteil gestartet.<\/p>\n<p>Praktische Funk\u00fcbungen:<br \/>(f\u00fcr die Pr\u00fcfungstermine am 19.5.2026)<\/p>\n<p>Samstag, 25.4., 9Uhr<br \/>Freitag, 1.5., 9Uhr<br \/>Donnerstag, 7.5., 19Uhr<br \/>Sonntag, 10.5., 9Uhr<br \/>Dienstag, 12.5., 19 Uhr<\/p>\n\n\n<div class=\"wp-block-file\"><\/div>\n","protected":false},"excerpt":{"rendered":"<p>KURSPROGRAMM 2024\/2025 &#8222;SR Schmidt&#8220;, Niedersch\u00f6cklstra\u00dfe 23a, 8044 Niedersch\u00f6ckl&#8222;SR Altes Fassl&#8220;, Fasslstra\u00dfe 24, 8044 Weinitzen&#8222;SR mysky&#8220;, Neusitzstra\u00dfe 156, 8044 Weinitzen&#8222;VCR&#8220; (Video-Classroom) &#8211; Theorieunterricht \u00fcber Zoom-Meeting Unser aktueller Theorielehrgang zur SPL \/ LAPL \/ PPL und UL, 2025\/2026 l\u00e4uft bereits seit November und ist bereits im Finale Unser Funkkurs hat am 18 &amp; 20.3.2026 mit dem&#8230;<\/p>\n<p class=\"read-more\"><a class=\"btn btn-default\" href=\"https:\/\/flugschule.st\/wordpress\/aktuelle-kurse\/\"> Read More<span class=\"screen-reader-text\">  Read More<\/span><\/a><\/p>\n","protected":false},"author":1,"featured_media":0,"parent":0,"menu_order":0,"comment_status":"closed","ping_status":"closed","template":"","meta":{"footnotes":""},"_links":{"self":[{"href":"https:\/\/flugschule.st\/wordpress\/wp-json\/wp\/v2\/pages\/1345"}],"collection":[{"href":"https:\/\/flugschule.st\/wordpress\/wp-json\/wp\/v2\/pages"}],"about":[{"href":"https:\/\/flugschule.st\/wordpress\/wp-json\/wp\/v2\/types\/page"}],"author":[{"embeddable":true,"href":"https:\/\/flugschule.st\/wordpress\/wp-json\/wp\/v2\/users\/1"}],"replies":[{"embeddable":true,"href":"https:\/\/flugschule.st\/wordpress\/wp-json\/wp\/v2\/comments?post=1345"}],"version-history":[{"count":174,"href":"https:\/\/flugschule.st\/wordpress\/wp-json\/wp\/v2\/pages\/1345\/revisions"}],"predecessor-version":[{"id":2873,"href":"https:\/\/flugschule.st\/wordpress\/wp-json\/wp\/v2\/pages\/1345\/revisions\/2873"}],"wp:attachment":[{"href":"https:\/\/flugschule.st\/wordpress\/wp-json\/wp\/v2\/media?parent=1345"}],"curies":[{"name":"wp","href":"https:\/\/api.w.org\/{rel}","templated":true}]}}